{"id":1040,"date":"2025-04-10T15:44:16","date_gmt":"2025-04-10T15:44:16","guid":{"rendered":"https:\/\/www.mib-center.com\/mib-center\/founders\/golda-romano\/"},"modified":"2025-04-23T09:11:09","modified_gmt":"2025-04-23T09:11:09","slug":"golda-romano","status":"publish","type":"page","link":"https:\/\/www.mib-center.com\/en\/mib-center\/founders\/golda-romano\/","title":{"rendered":"Dr. Golda Romano"},"content":{"rendered":"","protected":false},"excerpt":{"rendered":"","protected":false},"author":7,"featured_media":0,"parent":1028,"menu_order":0,"comment_status":"open","ping_status":"closed","template":"page-templates\/InternalPage.php","meta":{"inline_featured_image":false,"footnotes":""},"class_list":["post-1040","page","type-page","status-publish","hentry"],"acf":[],"yoast_head":"<!-- This site is optimized with the Yoast SEO plugin v26.9 - https:\/\/yoast.com\/product\/yoast-seo-wordpress\/ -->\n<title>Golda Romano - Plastic Surgery Specialist | MIB Center | Paris<\/title>\n<meta name=\"description\" content=\"Le Dr Golda Romano est sp\u00e9cialis\u00e9e en chirurgie plastique et reconstruction mammaire, avec un parcours entre Gustave Roussy et Harvard. D\u00e9couvrez son expertise dans notre centre de chirurgie mammaire de Paris\" \/>\n<meta name=\"robots\" content=\"index, follow, max-snippet:-1, max-image-preview:large, max-video-preview:-1\" \/>\n<link rel=\"canonical\" href=\"https:\/\/www.mib-center.com\/en\/mib-center\/founders\/golda-romano\/\" \/>\n<meta property=\"og:locale\" content=\"en_US\" \/>\n<meta property=\"og:type\" content=\"article\" \/>\n<meta property=\"og:title\" content=\"Golda Romano - Plastic Surgery Specialist | MIB Center | Paris\" \/>\n<meta property=\"og:description\" content=\"Le Dr Golda Romano est sp\u00e9cialis\u00e9e en chirurgie plastique et reconstruction mammaire, avec un parcours entre Gustave Roussy et Harvard. D\u00e9couvrez son expertise dans notre centre de chirurgie mammaire de Paris\" \/>\n<meta property=\"og:url\" content=\"https:\/\/www.mib-center.com\/en\/mib-center\/founders\/golda-romano\/\" \/>\n<meta property=\"og:site_name\" content=\"Home\" \/>\n<meta property=\"article:modified_time\" content=\"2025-04-23T09:11:09+00:00\" \/>\n<meta name=\"twitter:card\" content=\"summary_large_image\" \/>\n<!-- \/ Yoast SEO plugin. -->","yoast_head_json":{"title":"Golda Romano - Plastic Surgery Specialist | MIB Center | Paris","description":"Le Dr Golda Romano est sp\u00e9cialis\u00e9e en chirurgie plastique et reconstruction mammaire, avec un parcours entre Gustave Roussy et Harvard. D\u00e9couvrez son expertise dans notre centre de chirurgie mammaire de Paris","robots":{"index":"index","follow":"follow","max-snippet":"max-snippet:-1","max-image-preview":"max-image-preview:large","max-video-preview":"max-video-preview:-1"},"canonical":"https:\/\/www.mib-center.com\/en\/mib-center\/founders\/golda-romano\/","og_locale":"en_US","og_type":"article","og_title":"Golda Romano - Plastic Surgery Specialist | MIB Center | Paris","og_description":"Le Dr Golda Romano est sp\u00e9cialis\u00e9e en chirurgie plastique et reconstruction mammaire, avec un parcours entre Gustave Roussy et Harvard. D\u00e9couvrez son expertise dans notre centre de chirurgie mammaire de Paris","og_url":"https:\/\/www.mib-center.com\/en\/mib-center\/founders\/golda-romano\/","og_site_name":"Home","article_modified_time":"2025-04-23T09:11:09+00:00","twitter_card":"summary_large_image","schema":{"@context":"https:\/\/schema.org","@graph":[{"@type":"WebPage","@id":"https:\/\/www.mib-center.com\/en\/mib-center\/founders\/golda-romano\/","url":"https:\/\/www.mib-center.com\/en\/mib-center\/founders\/golda-romano\/","name":"Golda Romano - Plastic Surgery Specialist | MIB Center | Paris","isPartOf":{"@id":"https:\/\/www.mib-center.com\/#website"},"datePublished":"2025-04-10T15:44:16+00:00","dateModified":"2025-04-23T09:11:09+00:00","description":"Le Dr Golda Romano est sp\u00e9cialis\u00e9e en chirurgie plastique et reconstruction mammaire, avec un parcours entre Gustave Roussy et Harvard. D\u00e9couvrez son expertise dans notre centre de chirurgie mammaire de Paris","breadcrumb":{"@id":"https:\/\/www.mib-center.com\/en\/mib-center\/founders\/golda-romano\/#breadcrumb"},"inLanguage":"en-US","potentialAction":[{"@type":"ReadAction","target":["https:\/\/www.mib-center.com\/en\/mib-center\/founders\/golda-romano\/"]}]},{"@type":"BreadcrumbList","@id":"https:\/\/www.mib-center.com\/en\/mib-center\/founders\/golda-romano\/#breadcrumb","itemListElement":[{"@type":"ListItem","position":1,"name":"Home","item":"https:\/\/www.mib-center.com\/en\/"},{"@type":"ListItem","position":2,"name":"MIB CENTER Paris","item":"https:\/\/www.mib-center.com\/en\/mib-center\/"},{"@type":"ListItem","position":3,"name":"The Founders","item":"https:\/\/www.mib-center.com\/en\/mib-center\/founders\/"},{"@type":"ListItem","position":4,"name":"Dr. Golda Romano"}]},{"@type":"WebSite","@id":"https:\/\/www.mib-center.com\/#website","url":"https:\/\/www.mib-center.com\/","name":"Home","description":"","potentialAction":[{"@type":"SearchAction","target":{"@type":"EntryPoint","urlTemplate":"https:\/\/www.mib-center.com\/?s={search_term_string}"},"query-input":{"@type":"PropertyValueSpecification","valueRequired":true,"valueName":"search_term_string"}}],"inLanguage":"en-US"}]}},"_links":{"self":[{"href":"https:\/\/www.mib-center.com\/en\/wp-json\/wp\/v2\/pages\/1040","targetHints":{"allow":["GET"]}}],"collection":[{"href":"https:\/\/www.mib-center.com\/en\/wp-json\/wp\/v2\/pages"}],"about":[{"href":"https:\/\/www.mib-center.com\/en\/wp-json\/wp\/v2\/types\/page"}],"author":[{"embeddable":true,"href":"https:\/\/www.mib-center.com\/en\/wp-json\/wp\/v2\/users\/7"}],"replies":[{"embeddable":true,"href":"https:\/\/www.mib-center.com\/en\/wp-json\/wp\/v2\/comments?post=1040"}],"version-history":[{"count":0,"href":"https:\/\/www.mib-center.com\/en\/wp-json\/wp\/v2\/pages\/1040\/revisions"}],"up":[{"embeddable":true,"href":"https:\/\/www.mib-center.com\/en\/wp-json\/wp\/v2\/pages\/1028"}],"wp:attachment":[{"href":"https:\/\/www.mib-center.com\/en\/wp-json\/wp\/v2\/media?parent=1040"}],"curies":[{"name":"wp","href":"https:\/\/api.w.org\/{rel}","templated":true}]}}