{"id":1043,"date":"2025-03-21T17:48:07","date_gmt":"2025-03-21T17:48:07","guid":{"rendered":"https:\/\/www.mib-center.com\/mib-center\/founders\/benjamin-sarfati\/"},"modified":"2025-04-28T11:49:47","modified_gmt":"2025-04-28T11:49:47","slug":"benjamin-sarfati","status":"publish","type":"page","link":"https:\/\/www.mib-center.com\/en\/mib-center\/founders\/benjamin-sarfati\/","title":{"rendered":"Benjamin sarfati"},"content":{"rendered":"","protected":false},"excerpt":{"rendered":"","protected":false},"author":1,"featured_media":0,"parent":1028,"menu_order":0,"comment_status":"open","ping_status":"closed","template":"page-templates\/InternalPage.php","meta":{"inline_featured_image":false,"footnotes":""},"class_list":["post-1043","page","type-page","status-publish","hentry"],"acf":[],"yoast_head":"<!-- This site is optimized with the Yoast SEO plugin v27.3 - https:\/\/yoast.com\/product\/yoast-seo-wordpress\/ -->\n<title>Benjamin Sarfati - Plastic and Cosmetic Surgeon | MIB Center | Paris<\/title>\n<meta name=\"description\" content=\"Le Dr Benjamin Sarfati est un chirurgien plasticien sp\u00e9cialis\u00e9 en reconstruction mammaire, chirurgie oncoplastique et microchirurgie. D\u00e9couvrez son expertise dans notre centre de chirurgie mammaire de Paris\" \/>\n<meta name=\"robots\" content=\"index, follow, max-snippet:-1, max-image-preview:large, max-video-preview:-1\" \/>\n<link rel=\"canonical\" href=\"https:\/\/www.mib-center.com\/en\/mib-center\/founders\/benjamin-sarfati\/\" \/>\n<meta property=\"og:locale\" content=\"en_US\" \/>\n<meta property=\"og:type\" content=\"article\" \/>\n<meta property=\"og:title\" content=\"Benjamin Sarfati - Plastic and Cosmetic Surgeon | MIB Center | Paris\" \/>\n<meta property=\"og:description\" content=\"Le Dr Benjamin Sarfati est un chirurgien plasticien sp\u00e9cialis\u00e9 en reconstruction mammaire, chirurgie oncoplastique et microchirurgie. D\u00e9couvrez son expertise dans notre centre de chirurgie mammaire de Paris\" \/>\n<meta property=\"og:url\" content=\"https:\/\/www.mib-center.com\/en\/mib-center\/founders\/benjamin-sarfati\/\" \/>\n<meta property=\"og:site_name\" content=\"Home\" \/>\n<meta property=\"article:modified_time\" content=\"2025-04-28T11:49:47+00:00\" \/>\n<meta name=\"twitter:card\" content=\"summary_large_image\" \/>\n<!-- \/ Yoast SEO plugin. -->","yoast_head_json":{"title":"Benjamin Sarfati - Plastic and Cosmetic Surgeon | MIB Center | Paris","description":"Le Dr Benjamin Sarfati est un chirurgien plasticien sp\u00e9cialis\u00e9 en reconstruction mammaire, chirurgie oncoplastique et microchirurgie. D\u00e9couvrez son expertise dans notre centre de chirurgie mammaire de Paris","robots":{"index":"index","follow":"follow","max-snippet":"max-snippet:-1","max-image-preview":"max-image-preview:large","max-video-preview":"max-video-preview:-1"},"canonical":"https:\/\/www.mib-center.com\/en\/mib-center\/founders\/benjamin-sarfati\/","og_locale":"en_US","og_type":"article","og_title":"Benjamin Sarfati - Plastic and Cosmetic Surgeon | MIB Center | Paris","og_description":"Le Dr Benjamin Sarfati est un chirurgien plasticien sp\u00e9cialis\u00e9 en reconstruction mammaire, chirurgie oncoplastique et microchirurgie. D\u00e9couvrez son expertise dans notre centre de chirurgie mammaire de Paris","og_url":"https:\/\/www.mib-center.com\/en\/mib-center\/founders\/benjamin-sarfati\/","og_site_name":"Home","article_modified_time":"2025-04-28T11:49:47+00:00","twitter_card":"summary_large_image","schema":{"@context":"https:\/\/schema.org","@graph":[{"@type":"WebPage","@id":"https:\/\/www.mib-center.com\/en\/mib-center\/founders\/benjamin-sarfati\/","url":"https:\/\/www.mib-center.com\/en\/mib-center\/founders\/benjamin-sarfati\/","name":"Benjamin Sarfati - Plastic and Cosmetic Surgeon | MIB Center | Paris","isPartOf":{"@id":"https:\/\/www.mib-center.com\/#website"},"datePublished":"2025-03-21T17:48:07+00:00","dateModified":"2025-04-28T11:49:47+00:00","description":"Le Dr Benjamin Sarfati est un chirurgien plasticien sp\u00e9cialis\u00e9 en reconstruction mammaire, chirurgie oncoplastique et microchirurgie. D\u00e9couvrez son expertise dans notre centre de chirurgie mammaire de Paris","breadcrumb":{"@id":"https:\/\/www.mib-center.com\/en\/mib-center\/founders\/benjamin-sarfati\/#breadcrumb"},"inLanguage":"en-US","potentialAction":[{"@type":"ReadAction","target":["https:\/\/www.mib-center.com\/en\/mib-center\/founders\/benjamin-sarfati\/"]}]},{"@type":"BreadcrumbList","@id":"https:\/\/www.mib-center.com\/en\/mib-center\/founders\/benjamin-sarfati\/#breadcrumb","itemListElement":[{"@type":"ListItem","position":1,"name":"Home","item":"https:\/\/www.mib-center.com\/en\/"},{"@type":"ListItem","position":2,"name":"MIB CENTER Paris","item":"https:\/\/www.mib-center.com\/en\/mib-center\/"},{"@type":"ListItem","position":3,"name":"The Founders","item":"https:\/\/www.mib-center.com\/en\/mib-center\/founders\/"},{"@type":"ListItem","position":4,"name":"Benjamin sarfati"}]},{"@type":"WebSite","@id":"https:\/\/www.mib-center.com\/#website","url":"https:\/\/www.mib-center.com\/","name":"Home","description":"","potentialAction":[{"@type":"SearchAction","target":{"@type":"EntryPoint","urlTemplate":"https:\/\/www.mib-center.com\/?s={search_term_string}"},"query-input":{"@type":"PropertyValueSpecification","valueRequired":true,"valueName":"search_term_string"}}],"inLanguage":"en-US"}]}},"_links":{"self":[{"href":"https:\/\/www.mib-center.com\/en\/wp-json\/wp\/v2\/pages\/1043","targetHints":{"allow":["GET"]}}],"collection":[{"href":"https:\/\/www.mib-center.com\/en\/wp-json\/wp\/v2\/pages"}],"about":[{"href":"https:\/\/www.mib-center.com\/en\/wp-json\/wp\/v2\/types\/page"}],"author":[{"embeddable":true,"href":"https:\/\/www.mib-center.com\/en\/wp-json\/wp\/v2\/users\/1"}],"replies":[{"embeddable":true,"href":"https:\/\/www.mib-center.com\/en\/wp-json\/wp\/v2\/comments?post=1043"}],"version-history":[{"count":0,"href":"https:\/\/www.mib-center.com\/en\/wp-json\/wp\/v2\/pages\/1043\/revisions"}],"up":[{"embeddable":true,"href":"https:\/\/www.mib-center.com\/en\/wp-json\/wp\/v2\/pages\/1028"}],"wp:attachment":[{"href":"https:\/\/www.mib-center.com\/en\/wp-json\/wp\/v2\/media?parent=1043"}],"curies":[{"name":"wp","href":"https:\/\/api.w.org\/{rel}","templated":true}]}}