{"id":1051,"date":"2025-03-22T23:03:35","date_gmt":"2025-03-22T23:03:35","guid":{"rendered":"https:\/\/www.mib-center.com\/breast-augmentation\/mia\/"},"modified":"2025-05-09T09:58:51","modified_gmt":"2025-05-09T09:58:51","slug":"mia","status":"publish","type":"page","link":"https:\/\/www.mib-center.com\/en\/breast-augmentation\/mia\/","title":{"rendered":"The MIA Technique"},"content":{"rendered":"","protected":false},"excerpt":{"rendered":"","protected":false},"author":1,"featured_media":0,"parent":1009,"menu_order":0,"comment_status":"open","ping_status":"closed","template":"page-templates\/InternalPage.php","meta":{"inline_featured_image":false,"footnotes":""},"class_list":["post-1051","page","type-page","status-publish","hentry"],"acf":[],"yoast_head":"<!-- This site is optimized with the Yoast SEO plugin v26.9 - https:\/\/yoast.com\/product\/yoast-seo-wordpress\/ -->\n<title>MIA in Paris - Techniques and prices | MIB Center<\/title>\n<meta name=\"description\" content=\"La proc\u00e9dure MIA permet une augmentation mammaire avec moins de risques et une r\u00e9cup\u00e9ration plus rapide. D\u00e9couvrez les techniques et les tarifs de la MIA dans notre centre de chirurgie mammaire de Paris.\" \/>\n<meta name=\"robots\" content=\"index, follow, max-snippet:-1, max-image-preview:large, max-video-preview:-1\" \/>\n<link rel=\"canonical\" href=\"https:\/\/www.mib-center.com\/en\/breast-augmentation\/mia\/\" \/>\n<meta property=\"og:locale\" content=\"en_US\" \/>\n<meta property=\"og:type\" content=\"article\" \/>\n<meta property=\"og:title\" content=\"MIA in Paris - Techniques and prices | MIB Center\" \/>\n<meta property=\"og:description\" content=\"La proc\u00e9dure MIA permet une augmentation mammaire avec moins de risques et une r\u00e9cup\u00e9ration plus rapide. D\u00e9couvrez les techniques et les tarifs de la MIA dans notre centre de chirurgie mammaire de Paris.\" \/>\n<meta property=\"og:url\" content=\"https:\/\/www.mib-center.com\/en\/breast-augmentation\/mia\/\" \/>\n<meta property=\"og:site_name\" content=\"Home\" \/>\n<meta property=\"article:modified_time\" content=\"2025-05-09T09:58:51+00:00\" \/>\n<meta name=\"twitter:card\" content=\"summary_large_image\" \/>\n<!-- \/ Yoast SEO plugin. -->","yoast_head_json":{"title":"MIA in Paris - Techniques and prices | MIB Center","description":"La proc\u00e9dure MIA permet une augmentation mammaire avec moins de risques et une r\u00e9cup\u00e9ration plus rapide. D\u00e9couvrez les techniques et les tarifs de la MIA dans notre centre de chirurgie mammaire de Paris.","robots":{"index":"index","follow":"follow","max-snippet":"max-snippet:-1","max-image-preview":"max-image-preview:large","max-video-preview":"max-video-preview:-1"},"canonical":"https:\/\/www.mib-center.com\/en\/breast-augmentation\/mia\/","og_locale":"en_US","og_type":"article","og_title":"MIA in Paris - Techniques and prices | MIB Center","og_description":"La proc\u00e9dure MIA permet une augmentation mammaire avec moins de risques et une r\u00e9cup\u00e9ration plus rapide. D\u00e9couvrez les techniques et les tarifs de la MIA dans notre centre de chirurgie mammaire de Paris.","og_url":"https:\/\/www.mib-center.com\/en\/breast-augmentation\/mia\/","og_site_name":"Home","article_modified_time":"2025-05-09T09:58:51+00:00","twitter_card":"summary_large_image","schema":{"@context":"https:\/\/schema.org","@graph":[{"@type":"WebPage","@id":"https:\/\/www.mib-center.com\/en\/breast-augmentation\/mia\/","url":"https:\/\/www.mib-center.com\/en\/breast-augmentation\/mia\/","name":"MIA in Paris - Techniques and prices | MIB Center","isPartOf":{"@id":"https:\/\/www.mib-center.com\/#website"},"datePublished":"2025-03-22T23:03:35+00:00","dateModified":"2025-05-09T09:58:51+00:00","description":"La proc\u00e9dure MIA permet une augmentation mammaire avec moins de risques et une r\u00e9cup\u00e9ration plus rapide. D\u00e9couvrez les techniques et les tarifs de la MIA dans notre centre de chirurgie mammaire de Paris.","breadcrumb":{"@id":"https:\/\/www.mib-center.com\/en\/breast-augmentation\/mia\/#breadcrumb"},"inLanguage":"en-US","potentialAction":[{"@type":"ReadAction","target":["https:\/\/www.mib-center.com\/en\/breast-augmentation\/mia\/"]}]},{"@type":"BreadcrumbList","@id":"https:\/\/www.mib-center.com\/en\/breast-augmentation\/mia\/#breadcrumb","itemListElement":[{"@type":"ListItem","position":1,"name":"Home","item":"https:\/\/www.mib-center.com\/en\/"},{"@type":"ListItem","position":2,"name":"Breast Augmentation","item":"https:\/\/www.mib-center.com\/en\/breast-augmentation\/"},{"@type":"ListItem","position":3,"name":"The MIA Technique"}]},{"@type":"WebSite","@id":"https:\/\/www.mib-center.com\/#website","url":"https:\/\/www.mib-center.com\/","name":"Home","description":"","potentialAction":[{"@type":"SearchAction","target":{"@type":"EntryPoint","urlTemplate":"https:\/\/www.mib-center.com\/?s={search_term_string}"},"query-input":{"@type":"PropertyValueSpecification","valueRequired":true,"valueName":"search_term_string"}}],"inLanguage":"en-US"}]}},"_links":{"self":[{"href":"https:\/\/www.mib-center.com\/en\/wp-json\/wp\/v2\/pages\/1051","targetHints":{"allow":["GET"]}}],"collection":[{"href":"https:\/\/www.mib-center.com\/en\/wp-json\/wp\/v2\/pages"}],"about":[{"href":"https:\/\/www.mib-center.com\/en\/wp-json\/wp\/v2\/types\/page"}],"author":[{"embeddable":true,"href":"https:\/\/www.mib-center.com\/en\/wp-json\/wp\/v2\/users\/1"}],"replies":[{"embeddable":true,"href":"https:\/\/www.mib-center.com\/en\/wp-json\/wp\/v2\/comments?post=1051"}],"version-history":[{"count":0,"href":"https:\/\/www.mib-center.com\/en\/wp-json\/wp\/v2\/pages\/1051\/revisions"}],"up":[{"embeddable":true,"href":"https:\/\/www.mib-center.com\/en\/wp-json\/wp\/v2\/pages\/1009"}],"wp:attachment":[{"href":"https:\/\/www.mib-center.com\/en\/wp-json\/wp\/v2\/media?parent=1051"}],"curies":[{"name":"wp","href":"https:\/\/api.w.org\/{rel}","templated":true}]}}