{"id":1054,"date":"2025-04-10T15:57:27","date_gmt":"2025-04-10T15:57:27","guid":{"rendered":"https:\/\/www.mib-center.com\/breast-augmentation\/mini-invasive\/"},"modified":"2025-05-22T15:51:50","modified_gmt":"2025-05-22T15:51:50","slug":"minimally-invasive","status":"publish","type":"page","link":"https:\/\/www.mib-center.com\/en\/breast-augmentation\/minimally-invasive\/","title":{"rendered":"Minimally invasive"},"content":{"rendered":"","protected":false},"excerpt":{"rendered":"","protected":false},"author":7,"featured_media":0,"parent":1009,"menu_order":0,"comment_status":"open","ping_status":"closed","template":"page-templates\/InternalPage.php","meta":{"inline_featured_image":false,"footnotes":""},"class_list":["post-1054","page","type-page","status-publish","hentry"],"acf":[],"yoast_head":"<!-- This site is optimized with the Yoast SEO plugin v26.9 - https:\/\/yoast.com\/product\/yoast-seo-wordpress\/ -->\n<title>Minimally Invasive Breast Augmentation in Paris - Techniques and Prices | MIB Center<\/title>\n<meta name=\"description\" content=\"L\u2019augmentation mammaire mini-invasive limite les cicatrices et favorise une r\u00e9cup\u00e9ration rapide. D\u00e9couvrez les tarifs de l\u2019augmentation mammaire mini-invasive dans notre centre de chirurgie mammaire de Paris\" \/>\n<meta name=\"robots\" content=\"index, follow, max-snippet:-1, max-image-preview:large, max-video-preview:-1\" \/>\n<link rel=\"canonical\" href=\"https:\/\/www.mib-center.com\/en\/breast-augmentation\/minimally-invasive\/\" \/>\n<meta property=\"og:locale\" content=\"en_US\" \/>\n<meta property=\"og:type\" content=\"article\" \/>\n<meta property=\"og:title\" content=\"Minimally Invasive Breast Augmentation in Paris - Techniques and Prices | MIB Center\" \/>\n<meta property=\"og:description\" content=\"L\u2019augmentation mammaire mini-invasive limite les cicatrices et favorise une r\u00e9cup\u00e9ration rapide. D\u00e9couvrez les tarifs de l\u2019augmentation mammaire mini-invasive dans notre centre de chirurgie mammaire de Paris\" \/>\n<meta property=\"og:url\" content=\"https:\/\/www.mib-center.com\/en\/breast-augmentation\/minimally-invasive\/\" \/>\n<meta property=\"og:site_name\" content=\"Home\" \/>\n<meta property=\"article:modified_time\" content=\"2025-05-22T15:51:50+00:00\" \/>\n<meta name=\"twitter:card\" content=\"summary_large_image\" \/>\n<!-- \/ Yoast SEO plugin. -->","yoast_head_json":{"title":"Minimally Invasive Breast Augmentation in Paris - Techniques and Prices | MIB Center","description":"L\u2019augmentation mammaire mini-invasive limite les cicatrices et favorise une r\u00e9cup\u00e9ration rapide. D\u00e9couvrez les tarifs de l\u2019augmentation mammaire mini-invasive dans notre centre de chirurgie mammaire de Paris","robots":{"index":"index","follow":"follow","max-snippet":"max-snippet:-1","max-image-preview":"max-image-preview:large","max-video-preview":"max-video-preview:-1"},"canonical":"https:\/\/www.mib-center.com\/en\/breast-augmentation\/minimally-invasive\/","og_locale":"en_US","og_type":"article","og_title":"Minimally Invasive Breast Augmentation in Paris - Techniques and Prices | MIB Center","og_description":"L\u2019augmentation mammaire mini-invasive limite les cicatrices et favorise une r\u00e9cup\u00e9ration rapide. D\u00e9couvrez les tarifs de l\u2019augmentation mammaire mini-invasive dans notre centre de chirurgie mammaire de Paris","og_url":"https:\/\/www.mib-center.com\/en\/breast-augmentation\/minimally-invasive\/","og_site_name":"Home","article_modified_time":"2025-05-22T15:51:50+00:00","twitter_card":"summary_large_image","schema":{"@context":"https:\/\/schema.org","@graph":[{"@type":"WebPage","@id":"https:\/\/www.mib-center.com\/en\/breast-augmentation\/minimally-invasive\/","url":"https:\/\/www.mib-center.com\/en\/breast-augmentation\/minimally-invasive\/","name":"Minimally Invasive Breast Augmentation in Paris - Techniques and Prices | MIB Center","isPartOf":{"@id":"https:\/\/www.mib-center.com\/#website"},"datePublished":"2025-04-10T15:57:27+00:00","dateModified":"2025-05-22T15:51:50+00:00","description":"L\u2019augmentation mammaire mini-invasive limite les cicatrices et favorise une r\u00e9cup\u00e9ration rapide. D\u00e9couvrez les tarifs de l\u2019augmentation mammaire mini-invasive dans notre centre de chirurgie mammaire de Paris","breadcrumb":{"@id":"https:\/\/www.mib-center.com\/en\/breast-augmentation\/minimally-invasive\/#breadcrumb"},"inLanguage":"en-US","potentialAction":[{"@type":"ReadAction","target":["https:\/\/www.mib-center.com\/en\/breast-augmentation\/minimally-invasive\/"]}]},{"@type":"BreadcrumbList","@id":"https:\/\/www.mib-center.com\/en\/breast-augmentation\/minimally-invasive\/#breadcrumb","itemListElement":[{"@type":"ListItem","position":1,"name":"Home","item":"https:\/\/www.mib-center.com\/en\/"},{"@type":"ListItem","position":2,"name":"Breast Augmentation","item":"https:\/\/www.mib-center.com\/en\/breast-augmentation\/"},{"@type":"ListItem","position":3,"name":"Minimally invasive"}]},{"@type":"WebSite","@id":"https:\/\/www.mib-center.com\/#website","url":"https:\/\/www.mib-center.com\/","name":"Home","description":"","potentialAction":[{"@type":"SearchAction","target":{"@type":"EntryPoint","urlTemplate":"https:\/\/www.mib-center.com\/?s={search_term_string}"},"query-input":{"@type":"PropertyValueSpecification","valueRequired":true,"valueName":"search_term_string"}}],"inLanguage":"en-US"}]}},"_links":{"self":[{"href":"https:\/\/www.mib-center.com\/en\/wp-json\/wp\/v2\/pages\/1054","targetHints":{"allow":["GET"]}}],"collection":[{"href":"https:\/\/www.mib-center.com\/en\/wp-json\/wp\/v2\/pages"}],"about":[{"href":"https:\/\/www.mib-center.com\/en\/wp-json\/wp\/v2\/types\/page"}],"author":[{"embeddable":true,"href":"https:\/\/www.mib-center.com\/en\/wp-json\/wp\/v2\/users\/7"}],"replies":[{"embeddable":true,"href":"https:\/\/www.mib-center.com\/en\/wp-json\/wp\/v2\/comments?post=1054"}],"version-history":[{"count":0,"href":"https:\/\/www.mib-center.com\/en\/wp-json\/wp\/v2\/pages\/1054\/revisions"}],"up":[{"embeddable":true,"href":"https:\/\/www.mib-center.com\/en\/wp-json\/wp\/v2\/pages\/1009"}],"wp:attachment":[{"href":"https:\/\/www.mib-center.com\/en\/wp-json\/wp\/v2\/media?parent=1054"}],"curies":[{"name":"wp","href":"https:\/\/api.w.org\/{rel}","templated":true}]}}