{"id":1061,"date":"2025-04-10T16:22:40","date_gmt":"2025-04-10T16:22:40","guid":{"rendered":"https:\/\/www.mib-center.com\/chirurgie-cancer-sein\/"},"modified":"2025-05-22T15:37:39","modified_gmt":"2025-05-22T15:37:39","slug":"breast-cancer-surgery","status":"publish","type":"page","link":"https:\/\/www.mib-center.com\/en\/breast-cancer-surgery\/","title":{"rendered":"Breast cancer surgery"},"content":{"rendered":"","protected":false},"excerpt":{"rendered":"","protected":false},"author":7,"featured_media":0,"parent":0,"menu_order":0,"comment_status":"open","ping_status":"closed","template":"page-templates\/InternalPage.php","meta":{"inline_featured_image":false,"footnotes":""},"class_list":["post-1061","page","type-page","status-publish","hentry"],"acf":[],"yoast_head":"<!-- This site is optimized with the Yoast SEO plugin v27.3 - https:\/\/yoast.com\/product\/yoast-seo-wordpress\/ -->\n<title>Breast Cancer Surgery in Paris - Techniques and Prices | MIB Center<\/title>\n<meta name=\"description\" content=\"Le cancer du sein est le plus fr\u00e9quent chez la femme et b\u00e9n\u00e9ficie aujourd\u2019hui de traitements plus cibl\u00e9s et moins invasifs. D\u00e9couvrez les traitements du cancer du sein dans notre centre de chirurgie mammaire de Paris\" \/>\n<meta name=\"robots\" content=\"index, follow, max-snippet:-1, max-image-preview:large, max-video-preview:-1\" \/>\n<link rel=\"canonical\" href=\"https:\/\/www.mib-center.com\/en\/breast-cancer-surgery\/\" \/>\n<meta property=\"og:locale\" content=\"en_US\" \/>\n<meta property=\"og:type\" content=\"article\" \/>\n<meta property=\"og:title\" content=\"Breast Cancer Surgery in Paris - Techniques and Prices | MIB Center\" \/>\n<meta property=\"og:description\" content=\"Le cancer du sein est le plus fr\u00e9quent chez la femme et b\u00e9n\u00e9ficie aujourd\u2019hui de traitements plus cibl\u00e9s et moins invasifs. D\u00e9couvrez les traitements du cancer du sein dans notre centre de chirurgie mammaire de Paris\" \/>\n<meta property=\"og:url\" content=\"https:\/\/www.mib-center.com\/en\/breast-cancer-surgery\/\" \/>\n<meta property=\"og:site_name\" content=\"Home\" \/>\n<meta property=\"article:modified_time\" content=\"2025-05-22T15:37:39+00:00\" \/>\n<meta name=\"twitter:card\" content=\"summary_large_image\" \/>\n<!-- \/ Yoast SEO plugin. -->","yoast_head_json":{"title":"Breast Cancer Surgery in Paris - Techniques and Prices | MIB Center","description":"Le cancer du sein est le plus fr\u00e9quent chez la femme et b\u00e9n\u00e9ficie aujourd\u2019hui de traitements plus cibl\u00e9s et moins invasifs. D\u00e9couvrez les traitements du cancer du sein dans notre centre de chirurgie mammaire de Paris","robots":{"index":"index","follow":"follow","max-snippet":"max-snippet:-1","max-image-preview":"max-image-preview:large","max-video-preview":"max-video-preview:-1"},"canonical":"https:\/\/www.mib-center.com\/en\/breast-cancer-surgery\/","og_locale":"en_US","og_type":"article","og_title":"Breast Cancer Surgery in Paris - Techniques and Prices | MIB Center","og_description":"Le cancer du sein est le plus fr\u00e9quent chez la femme et b\u00e9n\u00e9ficie aujourd\u2019hui de traitements plus cibl\u00e9s et moins invasifs. D\u00e9couvrez les traitements du cancer du sein dans notre centre de chirurgie mammaire de Paris","og_url":"https:\/\/www.mib-center.com\/en\/breast-cancer-surgery\/","og_site_name":"Home","article_modified_time":"2025-05-22T15:37:39+00:00","twitter_card":"summary_large_image","schema":{"@context":"https:\/\/schema.org","@graph":[{"@type":"WebPage","@id":"https:\/\/www.mib-center.com\/en\/breast-cancer-surgery\/","url":"https:\/\/www.mib-center.com\/en\/breast-cancer-surgery\/","name":"Breast Cancer Surgery in Paris - Techniques and Prices | MIB Center","isPartOf":{"@id":"https:\/\/www.mib-center.com\/#website"},"datePublished":"2025-04-10T16:22:40+00:00","dateModified":"2025-05-22T15:37:39+00:00","description":"Le cancer du sein est le plus fr\u00e9quent chez la femme et b\u00e9n\u00e9ficie aujourd\u2019hui de traitements plus cibl\u00e9s et moins invasifs. D\u00e9couvrez les traitements du cancer du sein dans notre centre de chirurgie mammaire de Paris","breadcrumb":{"@id":"https:\/\/www.mib-center.com\/en\/breast-cancer-surgery\/#breadcrumb"},"inLanguage":"en-US","potentialAction":[{"@type":"ReadAction","target":["https:\/\/www.mib-center.com\/en\/breast-cancer-surgery\/"]}]},{"@type":"BreadcrumbList","@id":"https:\/\/www.mib-center.com\/en\/breast-cancer-surgery\/#breadcrumb","itemListElement":[{"@type":"ListItem","position":1,"name":"Home","item":"https:\/\/www.mib-center.com\/en\/"},{"@type":"ListItem","position":2,"name":"Breast cancer surgery"}]},{"@type":"WebSite","@id":"https:\/\/www.mib-center.com\/#website","url":"https:\/\/www.mib-center.com\/","name":"Home","description":"","potentialAction":[{"@type":"SearchAction","target":{"@type":"EntryPoint","urlTemplate":"https:\/\/www.mib-center.com\/?s={search_term_string}"},"query-input":{"@type":"PropertyValueSpecification","valueRequired":true,"valueName":"search_term_string"}}],"inLanguage":"en-US"}]}},"_links":{"self":[{"href":"https:\/\/www.mib-center.com\/en\/wp-json\/wp\/v2\/pages\/1061","targetHints":{"allow":["GET"]}}],"collection":[{"href":"https:\/\/www.mib-center.com\/en\/wp-json\/wp\/v2\/pages"}],"about":[{"href":"https:\/\/www.mib-center.com\/en\/wp-json\/wp\/v2\/types\/page"}],"author":[{"embeddable":true,"href":"https:\/\/www.mib-center.com\/en\/wp-json\/wp\/v2\/users\/7"}],"replies":[{"embeddable":true,"href":"https:\/\/www.mib-center.com\/en\/wp-json\/wp\/v2\/comments?post=1061"}],"version-history":[{"count":0,"href":"https:\/\/www.mib-center.com\/en\/wp-json\/wp\/v2\/pages\/1061\/revisions"}],"wp:attachment":[{"href":"https:\/\/www.mib-center.com\/en\/wp-json\/wp\/v2\/media?parent=1061"}],"curies":[{"name":"wp","href":"https:\/\/api.w.org\/{rel}","templated":true}]}}