{"id":1069,"date":"2025-04-10T16:39:24","date_gmt":"2025-04-10T16:39:24","guid":{"rendered":"https:\/\/www.mib-center.com\/breast-cancer-surgery\/reperage-mini-invasif\/"},"modified":"2025-04-23T14:11:34","modified_gmt":"2025-04-23T14:11:34","slug":"minimally-invasive-scanning","status":"publish","type":"page","link":"https:\/\/www.mib-center.com\/en\/breast-cancer-surgery\/minimally-invasive-scanning\/","title":{"rendered":"Minimally invasive localization of breast lesions"},"content":{"rendered":"","protected":false},"excerpt":{"rendered":"","protected":false},"author":7,"featured_media":0,"parent":1061,"menu_order":0,"comment_status":"open","ping_status":"closed","template":"page-templates\/InternalPage.php","meta":{"inline_featured_image":false,"footnotes":""},"class_list":["post-1069","page","type-page","status-publish","hentry"],"acf":[],"yoast_head":"<!-- This site is optimized with the Yoast SEO plugin v27.3 - https:\/\/yoast.com\/product\/yoast-seo-wordpress\/ -->\n<title>Minimally Invasive Scanning in Paris - Techniques and Prices | MIB Center<\/title>\n<meta name=\"description\" content=\"Le rep\u00e9rage mini invasif par clips remplace les harpons et am\u00e9liore la pr\u00e9cision des interventions sur les l\u00e9sions mammaires. D\u00e9couvrez les techniques et les tarifs du rep\u00e9rage mini invasif dans notre centre de chirurgie mammaire de Paris\" \/>\n<meta name=\"robots\" content=\"index, follow, max-snippet:-1, max-image-preview:large, max-video-preview:-1\" \/>\n<link rel=\"canonical\" href=\"https:\/\/www.mib-center.com\/en\/breast-cancer-surgery\/minimally-invasive-scanning\/\" \/>\n<meta property=\"og:locale\" content=\"en_US\" \/>\n<meta property=\"og:type\" content=\"article\" \/>\n<meta property=\"og:title\" content=\"Minimally Invasive Scanning in Paris - Techniques and Prices | MIB Center\" \/>\n<meta property=\"og:description\" content=\"Le rep\u00e9rage mini invasif par clips remplace les harpons et am\u00e9liore la pr\u00e9cision des interventions sur les l\u00e9sions mammaires. D\u00e9couvrez les techniques et les tarifs du rep\u00e9rage mini invasif dans notre centre de chirurgie mammaire de Paris\" \/>\n<meta property=\"og:url\" content=\"https:\/\/www.mib-center.com\/en\/breast-cancer-surgery\/minimally-invasive-scanning\/\" \/>\n<meta property=\"og:site_name\" content=\"Home\" \/>\n<meta property=\"article:modified_time\" content=\"2025-04-23T14:11:34+00:00\" \/>\n<meta name=\"twitter:card\" content=\"summary_large_image\" \/>\n<!-- \/ Yoast SEO plugin. -->","yoast_head_json":{"title":"Minimally Invasive Scanning in Paris - Techniques and Prices | MIB Center","description":"Le rep\u00e9rage mini invasif par clips remplace les harpons et am\u00e9liore la pr\u00e9cision des interventions sur les l\u00e9sions mammaires. D\u00e9couvrez les techniques et les tarifs du rep\u00e9rage mini invasif dans notre centre de chirurgie mammaire de Paris","robots":{"index":"index","follow":"follow","max-snippet":"max-snippet:-1","max-image-preview":"max-image-preview:large","max-video-preview":"max-video-preview:-1"},"canonical":"https:\/\/www.mib-center.com\/en\/breast-cancer-surgery\/minimally-invasive-scanning\/","og_locale":"en_US","og_type":"article","og_title":"Minimally Invasive Scanning in Paris - Techniques and Prices | MIB Center","og_description":"Le rep\u00e9rage mini invasif par clips remplace les harpons et am\u00e9liore la pr\u00e9cision des interventions sur les l\u00e9sions mammaires. D\u00e9couvrez les techniques et les tarifs du rep\u00e9rage mini invasif dans notre centre de chirurgie mammaire de Paris","og_url":"https:\/\/www.mib-center.com\/en\/breast-cancer-surgery\/minimally-invasive-scanning\/","og_site_name":"Home","article_modified_time":"2025-04-23T14:11:34+00:00","twitter_card":"summary_large_image","schema":{"@context":"https:\/\/schema.org","@graph":[{"@type":"WebPage","@id":"https:\/\/www.mib-center.com\/en\/breast-cancer-surgery\/minimally-invasive-scanning\/","url":"https:\/\/www.mib-center.com\/en\/breast-cancer-surgery\/minimally-invasive-scanning\/","name":"Minimally Invasive Scanning in Paris - Techniques and Prices | MIB Center","isPartOf":{"@id":"https:\/\/www.mib-center.com\/#website"},"datePublished":"2025-04-10T16:39:24+00:00","dateModified":"2025-04-23T14:11:34+00:00","description":"Le rep\u00e9rage mini invasif par clips remplace les harpons et am\u00e9liore la pr\u00e9cision des interventions sur les l\u00e9sions mammaires. D\u00e9couvrez les techniques et les tarifs du rep\u00e9rage mini invasif dans notre centre de chirurgie mammaire de Paris","breadcrumb":{"@id":"https:\/\/www.mib-center.com\/en\/breast-cancer-surgery\/minimally-invasive-scanning\/#breadcrumb"},"inLanguage":"en-US","potentialAction":[{"@type":"ReadAction","target":["https:\/\/www.mib-center.com\/en\/breast-cancer-surgery\/minimally-invasive-scanning\/"]}]},{"@type":"BreadcrumbList","@id":"https:\/\/www.mib-center.com\/en\/breast-cancer-surgery\/minimally-invasive-scanning\/#breadcrumb","itemListElement":[{"@type":"ListItem","position":1,"name":"Home","item":"https:\/\/www.mib-center.com\/en\/"},{"@type":"ListItem","position":2,"name":"Breast cancer surgery","item":"https:\/\/www.mib-center.com\/en\/breast-cancer-surgery\/"},{"@type":"ListItem","position":3,"name":"Minimally invasive localization of breast lesions"}]},{"@type":"WebSite","@id":"https:\/\/www.mib-center.com\/#website","url":"https:\/\/www.mib-center.com\/","name":"Home","description":"","potentialAction":[{"@type":"SearchAction","target":{"@type":"EntryPoint","urlTemplate":"https:\/\/www.mib-center.com\/?s={search_term_string}"},"query-input":{"@type":"PropertyValueSpecification","valueRequired":true,"valueName":"search_term_string"}}],"inLanguage":"en-US"}]}},"_links":{"self":[{"href":"https:\/\/www.mib-center.com\/en\/wp-json\/wp\/v2\/pages\/1069","targetHints":{"allow":["GET"]}}],"collection":[{"href":"https:\/\/www.mib-center.com\/en\/wp-json\/wp\/v2\/pages"}],"about":[{"href":"https:\/\/www.mib-center.com\/en\/wp-json\/wp\/v2\/types\/page"}],"author":[{"embeddable":true,"href":"https:\/\/www.mib-center.com\/en\/wp-json\/wp\/v2\/users\/7"}],"replies":[{"embeddable":true,"href":"https:\/\/www.mib-center.com\/en\/wp-json\/wp\/v2\/comments?post=1069"}],"version-history":[{"count":0,"href":"https:\/\/www.mib-center.com\/en\/wp-json\/wp\/v2\/pages\/1069\/revisions"}],"up":[{"embeddable":true,"href":"https:\/\/www.mib-center.com\/en\/wp-json\/wp\/v2\/pages\/1061"}],"wp:attachment":[{"href":"https:\/\/www.mib-center.com\/en\/wp-json\/wp\/v2\/media?parent=1069"}],"curies":[{"name":"wp","href":"https:\/\/api.w.org\/{rel}","templated":true}]}}