{"id":1078,"date":"2025-04-10T16:48:16","date_gmt":"2025-04-10T16:48:16","guid":{"rendered":"https:\/\/www.mib-center.com\/prophylactic-surgery\/endoscopique\/"},"modified":"2025-04-23T13:54:55","modified_gmt":"2025-04-23T13:54:55","slug":"endoscopic-surgery","status":"publish","type":"page","link":"https:\/\/www.mib-center.com\/en\/prophylactic-surgery\/endoscopic-surgery\/","title":{"rendered":"Endoscopic breast surgery"},"content":{"rendered":"","protected":false},"excerpt":{"rendered":"","protected":false},"author":7,"featured_media":0,"parent":1072,"menu_order":0,"comment_status":"open","ping_status":"closed","template":"page-templates\/InternalPage.php","meta":{"inline_featured_image":false,"footnotes":""},"class_list":["post-1078","page","type-page","status-publish","hentry"],"acf":[],"yoast_head":"<!-- This site is optimized with the Yoast SEO plugin v27.3 - https:\/\/yoast.com\/product\/yoast-seo-wordpress\/ -->\n<title>Endoscopic Surgery in Paris - Techniques and Prices | MIB Center<\/title>\n<meta name=\"description\" content=\"La chirurgie endoscopique du sein permet d\u2019op\u00e9rer avec pr\u00e9cision tout en limitant les incisions. D\u00e9couvrez les techniques et les tarifs de la chirurgie endoscopique dans notre centre de chirurgie mammaire de Paris\" \/>\n<meta name=\"robots\" content=\"index, follow, max-snippet:-1, max-image-preview:large, max-video-preview:-1\" \/>\n<link rel=\"canonical\" href=\"https:\/\/www.mib-center.com\/en\/prophylactic-surgery\/endoscopic-surgery\/\" \/>\n<meta property=\"og:locale\" content=\"en_US\" \/>\n<meta property=\"og:type\" content=\"article\" \/>\n<meta property=\"og:title\" content=\"Endoscopic Surgery in Paris - Techniques and Prices | MIB Center\" \/>\n<meta property=\"og:description\" content=\"La chirurgie endoscopique du sein permet d\u2019op\u00e9rer avec pr\u00e9cision tout en limitant les incisions. D\u00e9couvrez les techniques et les tarifs de la chirurgie endoscopique dans notre centre de chirurgie mammaire de Paris\" \/>\n<meta property=\"og:url\" content=\"https:\/\/www.mib-center.com\/en\/prophylactic-surgery\/endoscopic-surgery\/\" \/>\n<meta property=\"og:site_name\" content=\"Home\" \/>\n<meta property=\"article:modified_time\" content=\"2025-04-23T13:54:55+00:00\" \/>\n<meta name=\"twitter:card\" content=\"summary_large_image\" \/>\n<!-- \/ Yoast SEO plugin. -->","yoast_head_json":{"title":"Endoscopic Surgery in Paris - Techniques and Prices | MIB Center","description":"La chirurgie endoscopique du sein permet d\u2019op\u00e9rer avec pr\u00e9cision tout en limitant les incisions. D\u00e9couvrez les techniques et les tarifs de la chirurgie endoscopique dans notre centre de chirurgie mammaire de Paris","robots":{"index":"index","follow":"follow","max-snippet":"max-snippet:-1","max-image-preview":"max-image-preview:large","max-video-preview":"max-video-preview:-1"},"canonical":"https:\/\/www.mib-center.com\/en\/prophylactic-surgery\/endoscopic-surgery\/","og_locale":"en_US","og_type":"article","og_title":"Endoscopic Surgery in Paris - Techniques and Prices | MIB Center","og_description":"La chirurgie endoscopique du sein permet d\u2019op\u00e9rer avec pr\u00e9cision tout en limitant les incisions. D\u00e9couvrez les techniques et les tarifs de la chirurgie endoscopique dans notre centre de chirurgie mammaire de Paris","og_url":"https:\/\/www.mib-center.com\/en\/prophylactic-surgery\/endoscopic-surgery\/","og_site_name":"Home","article_modified_time":"2025-04-23T13:54:55+00:00","twitter_card":"summary_large_image","schema":{"@context":"https:\/\/schema.org","@graph":[{"@type":"WebPage","@id":"https:\/\/www.mib-center.com\/en\/prophylactic-surgery\/endoscopic-surgery\/","url":"https:\/\/www.mib-center.com\/en\/prophylactic-surgery\/endoscopic-surgery\/","name":"Endoscopic Surgery in Paris - Techniques and Prices | MIB Center","isPartOf":{"@id":"https:\/\/www.mib-center.com\/#website"},"datePublished":"2025-04-10T16:48:16+00:00","dateModified":"2025-04-23T13:54:55+00:00","description":"La chirurgie endoscopique du sein permet d\u2019op\u00e9rer avec pr\u00e9cision tout en limitant les incisions. D\u00e9couvrez les techniques et les tarifs de la chirurgie endoscopique dans notre centre de chirurgie mammaire de Paris","breadcrumb":{"@id":"https:\/\/www.mib-center.com\/en\/prophylactic-surgery\/endoscopic-surgery\/#breadcrumb"},"inLanguage":"en-US","potentialAction":[{"@type":"ReadAction","target":["https:\/\/www.mib-center.com\/en\/prophylactic-surgery\/endoscopic-surgery\/"]}]},{"@type":"BreadcrumbList","@id":"https:\/\/www.mib-center.com\/en\/prophylactic-surgery\/endoscopic-surgery\/#breadcrumb","itemListElement":[{"@type":"ListItem","position":1,"name":"Home","item":"https:\/\/www.mib-center.com\/en\/"},{"@type":"ListItem","position":2,"name":"Prophylactic Surgery","item":"https:\/\/www.mib-center.com\/en\/prophylactic-surgery\/"},{"@type":"ListItem","position":3,"name":"Endoscopic breast surgery"}]},{"@type":"WebSite","@id":"https:\/\/www.mib-center.com\/#website","url":"https:\/\/www.mib-center.com\/","name":"Home","description":"","potentialAction":[{"@type":"SearchAction","target":{"@type":"EntryPoint","urlTemplate":"https:\/\/www.mib-center.com\/?s={search_term_string}"},"query-input":{"@type":"PropertyValueSpecification","valueRequired":true,"valueName":"search_term_string"}}],"inLanguage":"en-US"}]}},"_links":{"self":[{"href":"https:\/\/www.mib-center.com\/en\/wp-json\/wp\/v2\/pages\/1078","targetHints":{"allow":["GET"]}}],"collection":[{"href":"https:\/\/www.mib-center.com\/en\/wp-json\/wp\/v2\/pages"}],"about":[{"href":"https:\/\/www.mib-center.com\/en\/wp-json\/wp\/v2\/types\/page"}],"author":[{"embeddable":true,"href":"https:\/\/www.mib-center.com\/en\/wp-json\/wp\/v2\/users\/7"}],"replies":[{"embeddable":true,"href":"https:\/\/www.mib-center.com\/en\/wp-json\/wp\/v2\/comments?post=1078"}],"version-history":[{"count":0,"href":"https:\/\/www.mib-center.com\/en\/wp-json\/wp\/v2\/pages\/1078\/revisions"}],"up":[{"embeddable":true,"href":"https:\/\/www.mib-center.com\/en\/wp-json\/wp\/v2\/pages\/1072"}],"wp:attachment":[{"href":"https:\/\/www.mib-center.com\/en\/wp-json\/wp\/v2\/media?parent=1078"}],"curies":[{"name":"wp","href":"https:\/\/api.w.org\/{rel}","templated":true}]}}