{"id":1087,"date":"2025-04-11T07:49:43","date_gmt":"2025-04-11T07:49:43","guid":{"rendered":"https:\/\/www.mib-center.com\/techniques\/fin-curage-axillaire\/"},"modified":"2025-04-23T14:26:33","modified_gmt":"2025-04-23T14:26:33","slug":"end-axillary-curage","status":"publish","type":"page","link":"https:\/\/www.mib-center.com\/en\/techniques\/end-axillary-curage\/","title":{"rendered":"End axillary curage"},"content":{"rendered":"","protected":false},"excerpt":{"rendered":"","protected":false},"author":7,"featured_media":0,"parent":1081,"menu_order":0,"comment_status":"open","ping_status":"closed","template":"page-templates\/InternalPage.php","meta":{"inline_featured_image":false,"footnotes":""},"class_list":["post-1087","page","type-page","status-publish","hentry"],"acf":[],"yoast_head":"<!-- This site is optimized with the Yoast SEO plugin v26.9 - https:\/\/yoast.com\/product\/yoast-seo-wordpress\/ -->\n<title>End of axillary curettage | MIB Center | Paris<\/title>\n<meta name=\"description\" content=\"La fin du curage axillaire dans le cancer du sein marque une avanc\u00e9e majeure pour pr\u00e9server la qualit\u00e9 de vie des patientes. D\u00e9couvrez les techniques li\u00e9es \u00e0 la fin du curage axillaire dans notre centre de chirurgie mammaire de Paris\" \/>\n<meta name=\"robots\" content=\"index, follow, max-snippet:-1, max-image-preview:large, max-video-preview:-1\" \/>\n<link rel=\"canonical\" href=\"https:\/\/www.mib-center.com\/en\/techniques\/end-axillary-curage\/\" \/>\n<meta property=\"og:locale\" content=\"en_US\" \/>\n<meta property=\"og:type\" content=\"article\" \/>\n<meta property=\"og:title\" content=\"End of axillary curettage | MIB Center | Paris\" \/>\n<meta property=\"og:description\" content=\"La fin du curage axillaire dans le cancer du sein marque une avanc\u00e9e majeure pour pr\u00e9server la qualit\u00e9 de vie des patientes. D\u00e9couvrez les techniques li\u00e9es \u00e0 la fin du curage axillaire dans notre centre de chirurgie mammaire de Paris\" \/>\n<meta property=\"og:url\" content=\"https:\/\/www.mib-center.com\/en\/techniques\/end-axillary-curage\/\" \/>\n<meta property=\"og:site_name\" content=\"Home\" \/>\n<meta property=\"article:modified_time\" content=\"2025-04-23T14:26:33+00:00\" \/>\n<meta name=\"twitter:card\" content=\"summary_large_image\" \/>\n<!-- \/ Yoast SEO plugin. -->","yoast_head_json":{"title":"End of axillary curettage | MIB Center | Paris","description":"La fin du curage axillaire dans le cancer du sein marque une avanc\u00e9e majeure pour pr\u00e9server la qualit\u00e9 de vie des patientes. D\u00e9couvrez les techniques li\u00e9es \u00e0 la fin du curage axillaire dans notre centre de chirurgie mammaire de Paris","robots":{"index":"index","follow":"follow","max-snippet":"max-snippet:-1","max-image-preview":"max-image-preview:large","max-video-preview":"max-video-preview:-1"},"canonical":"https:\/\/www.mib-center.com\/en\/techniques\/end-axillary-curage\/","og_locale":"en_US","og_type":"article","og_title":"End of axillary curettage | MIB Center | Paris","og_description":"La fin du curage axillaire dans le cancer du sein marque une avanc\u00e9e majeure pour pr\u00e9server la qualit\u00e9 de vie des patientes. D\u00e9couvrez les techniques li\u00e9es \u00e0 la fin du curage axillaire dans notre centre de chirurgie mammaire de Paris","og_url":"https:\/\/www.mib-center.com\/en\/techniques\/end-axillary-curage\/","og_site_name":"Home","article_modified_time":"2025-04-23T14:26:33+00:00","twitter_card":"summary_large_image","schema":{"@context":"https:\/\/schema.org","@graph":[{"@type":"WebPage","@id":"https:\/\/www.mib-center.com\/en\/techniques\/end-axillary-curage\/","url":"https:\/\/www.mib-center.com\/en\/techniques\/end-axillary-curage\/","name":"End of axillary curettage | MIB Center | Paris","isPartOf":{"@id":"https:\/\/www.mib-center.com\/#website"},"datePublished":"2025-04-11T07:49:43+00:00","dateModified":"2025-04-23T14:26:33+00:00","description":"La fin du curage axillaire dans le cancer du sein marque une avanc\u00e9e majeure pour pr\u00e9server la qualit\u00e9 de vie des patientes. D\u00e9couvrez les techniques li\u00e9es \u00e0 la fin du curage axillaire dans notre centre de chirurgie mammaire de Paris","breadcrumb":{"@id":"https:\/\/www.mib-center.com\/en\/techniques\/end-axillary-curage\/#breadcrumb"},"inLanguage":"en-US","potentialAction":[{"@type":"ReadAction","target":["https:\/\/www.mib-center.com\/en\/techniques\/end-axillary-curage\/"]}]},{"@type":"BreadcrumbList","@id":"https:\/\/www.mib-center.com\/en\/techniques\/end-axillary-curage\/#breadcrumb","itemListElement":[{"@type":"ListItem","position":1,"name":"Home","item":"https:\/\/www.mib-center.com\/en\/"},{"@type":"ListItem","position":2,"name":"Techniques","item":"https:\/\/www.mib-center.com\/en\/techniques\/"},{"@type":"ListItem","position":3,"name":"End axillary curage"}]},{"@type":"WebSite","@id":"https:\/\/www.mib-center.com\/#website","url":"https:\/\/www.mib-center.com\/","name":"Home","description":"","potentialAction":[{"@type":"SearchAction","target":{"@type":"EntryPoint","urlTemplate":"https:\/\/www.mib-center.com\/?s={search_term_string}"},"query-input":{"@type":"PropertyValueSpecification","valueRequired":true,"valueName":"search_term_string"}}],"inLanguage":"en-US"}]}},"_links":{"self":[{"href":"https:\/\/www.mib-center.com\/en\/wp-json\/wp\/v2\/pages\/1087","targetHints":{"allow":["GET"]}}],"collection":[{"href":"https:\/\/www.mib-center.com\/en\/wp-json\/wp\/v2\/pages"}],"about":[{"href":"https:\/\/www.mib-center.com\/en\/wp-json\/wp\/v2\/types\/page"}],"author":[{"embeddable":true,"href":"https:\/\/www.mib-center.com\/en\/wp-json\/wp\/v2\/users\/7"}],"replies":[{"embeddable":true,"href":"https:\/\/www.mib-center.com\/en\/wp-json\/wp\/v2\/comments?post=1087"}],"version-history":[{"count":0,"href":"https:\/\/www.mib-center.com\/en\/wp-json\/wp\/v2\/pages\/1087\/revisions"}],"up":[{"embeddable":true,"href":"https:\/\/www.mib-center.com\/en\/wp-json\/wp\/v2\/pages\/1081"}],"wp:attachment":[{"href":"https:\/\/www.mib-center.com\/en\/wp-json\/wp\/v2\/media?parent=1087"}],"curies":[{"name":"wp","href":"https:\/\/api.w.org\/{rel}","templated":true}]}}