{"id":1097,"date":"2025-03-25T10:50:46","date_gmt":"2025-03-25T10:50:46","guid":{"rendered":"https:\/\/www.mib-center.com\/mib-center\/congres\/"},"modified":"2026-02-26T15:55:35","modified_gmt":"2026-02-26T15:55:35","slug":"congress","status":"publish","type":"page","link":"https:\/\/www.mib-center.com\/en\/mib-center\/congress\/","title":{"rendered":"Congress"},"content":{"rendered":"","protected":false},"excerpt":{"rendered":"","protected":false},"author":1,"featured_media":0,"parent":1010,"menu_order":0,"comment_status":"open","ping_status":"closed","template":"page-templates\/InternalPage.php","meta":{"inline_featured_image":false,"footnotes":""},"class_list":["post-1097","page","type-page","status-publish","hentry"],"acf":[],"yoast_head":"<!-- This site is optimized with the Yoast SEO plugin v26.9 - https:\/\/yoast.com\/product\/yoast-seo-wordpress\/ -->\n<title>Congress | MIB Center | Paris<\/title>\n<meta name=\"description\" content=\"D\u00e9couvrez les \u00e9ditions pass\u00e9es et toutes les informations sur le prochain congr\u00e8s d\u00e9di\u00e9 \u00e0 la chirurgie mammaire mini-invasive. Restez inform\u00e9 des derni\u00e8res avanc\u00e9es dans notre centre de chirurgie mammaire de Paris\" \/>\n<meta name=\"robots\" content=\"index, follow, max-snippet:-1, max-image-preview:large, max-video-preview:-1\" \/>\n<link rel=\"canonical\" href=\"https:\/\/www.mib-center.com\/en\/mib-center\/congress\/\" \/>\n<meta property=\"og:locale\" content=\"en_US\" \/>\n<meta property=\"og:type\" content=\"article\" \/>\n<meta property=\"og:title\" content=\"Congress | MIB Center | Paris\" \/>\n<meta property=\"og:description\" content=\"D\u00e9couvrez les \u00e9ditions pass\u00e9es et toutes les informations sur le prochain congr\u00e8s d\u00e9di\u00e9 \u00e0 la chirurgie mammaire mini-invasive. Restez inform\u00e9 des derni\u00e8res avanc\u00e9es dans notre centre de chirurgie mammaire de Paris\" \/>\n<meta property=\"og:url\" content=\"https:\/\/www.mib-center.com\/en\/mib-center\/congress\/\" \/>\n<meta property=\"og:site_name\" content=\"Home\" \/>\n<meta property=\"article:modified_time\" content=\"2026-02-26T15:55:35+00:00\" \/>\n<meta name=\"twitter:card\" content=\"summary_large_image\" \/>\n<!-- \/ Yoast SEO plugin. -->","yoast_head_json":{"title":"Congress | MIB Center | Paris","description":"D\u00e9couvrez les \u00e9ditions pass\u00e9es et toutes les informations sur le prochain congr\u00e8s d\u00e9di\u00e9 \u00e0 la chirurgie mammaire mini-invasive. Restez inform\u00e9 des derni\u00e8res avanc\u00e9es dans notre centre de chirurgie mammaire de Paris","robots":{"index":"index","follow":"follow","max-snippet":"max-snippet:-1","max-image-preview":"max-image-preview:large","max-video-preview":"max-video-preview:-1"},"canonical":"https:\/\/www.mib-center.com\/en\/mib-center\/congress\/","og_locale":"en_US","og_type":"article","og_title":"Congress | MIB Center | Paris","og_description":"D\u00e9couvrez les \u00e9ditions pass\u00e9es et toutes les informations sur le prochain congr\u00e8s d\u00e9di\u00e9 \u00e0 la chirurgie mammaire mini-invasive. Restez inform\u00e9 des derni\u00e8res avanc\u00e9es dans notre centre de chirurgie mammaire de Paris","og_url":"https:\/\/www.mib-center.com\/en\/mib-center\/congress\/","og_site_name":"Home","article_modified_time":"2026-02-26T15:55:35+00:00","twitter_card":"summary_large_image","schema":{"@context":"https:\/\/schema.org","@graph":[{"@type":"WebPage","@id":"https:\/\/www.mib-center.com\/en\/mib-center\/congress\/","url":"https:\/\/www.mib-center.com\/en\/mib-center\/congress\/","name":"Congress | MIB Center | Paris","isPartOf":{"@id":"https:\/\/www.mib-center.com\/#website"},"datePublished":"2025-03-25T10:50:46+00:00","dateModified":"2026-02-26T15:55:35+00:00","description":"D\u00e9couvrez les \u00e9ditions pass\u00e9es et toutes les informations sur le prochain congr\u00e8s d\u00e9di\u00e9 \u00e0 la chirurgie mammaire mini-invasive. Restez inform\u00e9 des derni\u00e8res avanc\u00e9es dans notre centre de chirurgie mammaire de Paris","breadcrumb":{"@id":"https:\/\/www.mib-center.com\/en\/mib-center\/congress\/#breadcrumb"},"inLanguage":"en-US","potentialAction":[{"@type":"ReadAction","target":["https:\/\/www.mib-center.com\/en\/mib-center\/congress\/"]}]},{"@type":"BreadcrumbList","@id":"https:\/\/www.mib-center.com\/en\/mib-center\/congress\/#breadcrumb","itemListElement":[{"@type":"ListItem","position":1,"name":"Home","item":"https:\/\/www.mib-center.com\/en\/"},{"@type":"ListItem","position":2,"name":"MIB CENTER Paris","item":"https:\/\/www.mib-center.com\/en\/mib-center\/"},{"@type":"ListItem","position":3,"name":"Congress"}]},{"@type":"WebSite","@id":"https:\/\/www.mib-center.com\/#website","url":"https:\/\/www.mib-center.com\/","name":"Home","description":"","potentialAction":[{"@type":"SearchAction","target":{"@type":"EntryPoint","urlTemplate":"https:\/\/www.mib-center.com\/?s={search_term_string}"},"query-input":{"@type":"PropertyValueSpecification","valueRequired":true,"valueName":"search_term_string"}}],"inLanguage":"en-US"}]}},"_links":{"self":[{"href":"https:\/\/www.mib-center.com\/en\/wp-json\/wp\/v2\/pages\/1097","targetHints":{"allow":["GET"]}}],"collection":[{"href":"https:\/\/www.mib-center.com\/en\/wp-json\/wp\/v2\/pages"}],"about":[{"href":"https:\/\/www.mib-center.com\/en\/wp-json\/wp\/v2\/types\/page"}],"author":[{"embeddable":true,"href":"https:\/\/www.mib-center.com\/en\/wp-json\/wp\/v2\/users\/1"}],"replies":[{"embeddable":true,"href":"https:\/\/www.mib-center.com\/en\/wp-json\/wp\/v2\/comments?post=1097"}],"version-history":[{"count":1,"href":"https:\/\/www.mib-center.com\/en\/wp-json\/wp\/v2\/pages\/1097\/revisions"}],"predecessor-version":[{"id":2568,"href":"https:\/\/www.mib-center.com\/en\/wp-json\/wp\/v2\/pages\/1097\/revisions\/2568"}],"up":[{"embeddable":true,"href":"https:\/\/www.mib-center.com\/en\/wp-json\/wp\/v2\/pages\/1010"}],"wp:attachment":[{"href":"https:\/\/www.mib-center.com\/en\/wp-json\/wp\/v2\/media?parent=1097"}],"curies":[{"name":"wp","href":"https:\/\/api.w.org\/{rel}","templated":true}]}}