{"id":1172,"date":"2024-05-26T14:17:22","date_gmt":"2024-05-26T14:17:22","guid":{"rendered":"https:\/\/www.mib-center.com\/home\/"},"modified":"2025-10-15T14:25:11","modified_gmt":"2025-10-15T14:25:11","slug":"home","status":"publish","type":"page","link":"https:\/\/www.mib-center.com\/en\/home\/","title":{"rendered":"Home"},"content":{"rendered":"","protected":false},"excerpt":{"rendered":"","protected":false},"author":1,"featured_media":0,"parent":0,"menu_order":0,"comment_status":"open","ping_status":"open","template":"page-templates\/HomePage.php","meta":{"inline_featured_image":false,"footnotes":""},"class_list":["post-1172","page","type-page","status-publish","hentry"],"acf":[],"yoast_head":"<!-- This site is optimized with the Yoast SEO plugin v27.3 - https:\/\/yoast.com\/product\/yoast-seo-wordpress\/ -->\n<title>MIB Center : Chirurgie mini-invasive : Seins et cancers<\/title>\n<meta name=\"description\" content=\"La chirurgie mini-invasive, prouesse m\u00e9dicale, s&#039;int\u00e8gre chez les experts. les chirurgiens r\u00e9alisent des interventions d&#039;une pr\u00e9cision extr\u00eame, r\u00e9duisant les traumatismes corporels li\u00e9s aux chirurgies classiques\" \/>\n<meta name=\"robots\" content=\"index, follow, max-snippet:-1, max-image-preview:large, max-video-preview:-1\" \/>\n<link rel=\"canonical\" href=\"https:\/\/www.mib-center.com\/en\/\" \/>\n<meta property=\"og:locale\" content=\"en_US\" \/>\n<meta property=\"og:type\" content=\"article\" \/>\n<meta property=\"og:title\" content=\"MIB Center : Chirurgie mini-invasive : Seins et cancers\" \/>\n<meta property=\"og:description\" content=\"La chirurgie mini-invasive, prouesse m\u00e9dicale, s&#039;int\u00e8gre chez les experts. les chirurgiens r\u00e9alisent des interventions d&#039;une pr\u00e9cision extr\u00eame, r\u00e9duisant les traumatismes corporels li\u00e9s aux chirurgies classiques\" \/>\n<meta property=\"og:url\" content=\"https:\/\/www.mib-center.com\/en\/\" \/>\n<meta property=\"og:site_name\" content=\"Home\" \/>\n<meta property=\"article:modified_time\" content=\"2025-10-15T14:25:11+00:00\" \/>\n<meta name=\"twitter:card\" content=\"summary_large_image\" \/>\n<!-- \/ Yoast SEO plugin. -->","yoast_head_json":{"title":"MIB Center : Chirurgie mini-invasive : Seins et cancers","description":"La chirurgie mini-invasive, prouesse m\u00e9dicale, s'int\u00e8gre chez les experts. les chirurgiens r\u00e9alisent des interventions d'une pr\u00e9cision extr\u00eame, r\u00e9duisant les traumatismes corporels li\u00e9s aux chirurgies classiques","robots":{"index":"index","follow":"follow","max-snippet":"max-snippet:-1","max-image-preview":"max-image-preview:large","max-video-preview":"max-video-preview:-1"},"canonical":"https:\/\/www.mib-center.com\/en\/","og_locale":"en_US","og_type":"article","og_title":"MIB Center : Chirurgie mini-invasive : Seins et cancers","og_description":"La chirurgie mini-invasive, prouesse m\u00e9dicale, s'int\u00e8gre chez les experts. les chirurgiens r\u00e9alisent des interventions d'une pr\u00e9cision extr\u00eame, r\u00e9duisant les traumatismes corporels li\u00e9s aux chirurgies classiques","og_url":"https:\/\/www.mib-center.com\/en\/","og_site_name":"Home","article_modified_time":"2025-10-15T14:25:11+00:00","twitter_card":"summary_large_image","schema":{"@context":"https:\/\/schema.org","@graph":[{"@type":"WebPage","@id":"https:\/\/www.mib-center.com\/en\/","url":"https:\/\/www.mib-center.com\/en\/","name":"MIB Center : Chirurgie mini-invasive : Seins et cancers","isPartOf":{"@id":"https:\/\/www.mib-center.com\/#website"},"datePublished":"2024-05-26T14:17:22+00:00","dateModified":"2025-10-15T14:25:11+00:00","description":"La chirurgie mini-invasive, prouesse m\u00e9dicale, s'int\u00e8gre chez les experts. les chirurgiens r\u00e9alisent des interventions d'une pr\u00e9cision extr\u00eame, r\u00e9duisant les traumatismes corporels li\u00e9s aux chirurgies classiques","breadcrumb":{"@id":"https:\/\/www.mib-center.com\/en\/#breadcrumb"},"inLanguage":"en-US","potentialAction":[{"@type":"ReadAction","target":["https:\/\/www.mib-center.com\/en\/"]}]},{"@type":"BreadcrumbList","@id":"https:\/\/www.mib-center.com\/en\/#breadcrumb","itemListElement":[{"@type":"ListItem","position":1,"name":"Home","item":"https:\/\/www.mib-center.com\/en\/"},{"@type":"ListItem","position":2,"name":"Home"}]},{"@type":"WebSite","@id":"https:\/\/www.mib-center.com\/#website","url":"https:\/\/www.mib-center.com\/","name":"Home","description":"","potentialAction":[{"@type":"SearchAction","target":{"@type":"EntryPoint","urlTemplate":"https:\/\/www.mib-center.com\/?s={search_term_string}"},"query-input":{"@type":"PropertyValueSpecification","valueRequired":true,"valueName":"search_term_string"}}],"inLanguage":"en-US"}]}},"_links":{"self":[{"href":"https:\/\/www.mib-center.com\/en\/wp-json\/wp\/v2\/pages\/1172","targetHints":{"allow":["GET"]}}],"collection":[{"href":"https:\/\/www.mib-center.com\/en\/wp-json\/wp\/v2\/pages"}],"about":[{"href":"https:\/\/www.mib-center.com\/en\/wp-json\/wp\/v2\/types\/page"}],"author":[{"embeddable":true,"href":"https:\/\/www.mib-center.com\/en\/wp-json\/wp\/v2\/users\/1"}],"replies":[{"embeddable":true,"href":"https:\/\/www.mib-center.com\/en\/wp-json\/wp\/v2\/comments?post=1172"}],"version-history":[{"count":0,"href":"https:\/\/www.mib-center.com\/en\/wp-json\/wp\/v2\/pages\/1172\/revisions"}],"wp:attachment":[{"href":"https:\/\/www.mib-center.com\/en\/wp-json\/wp\/v2\/media?parent=1172"}],"curies":[{"name":"wp","href":"https:\/\/api.w.org\/{rel}","templated":true}]}}